{"id":503,"date":"2020-05-11T18:14:46","date_gmt":"2020-05-11T18:14:46","guid":{"rendered":"https:\/\/www.dotfinancelive.com\/co\/?page_id=503"},"modified":"2020-07-16T13:34:34","modified_gmt":"2020-07-16T13:34:34","slug":"politica-privacidad","status":"publish","type":"page","link":"https:\/\/www.dotfinancelive.com\/co\/politica-privacidad\/","title":{"rendered":"Politica privacidad"},"content":{"rendered":"<h2><strong>Pol\u00edtica de Privacidad de Dotfinancelive.com\/mx<\/strong><\/h2>\n<p>En Dotfinancelive.com\/mx, accesible a trav\u00e9s de <a href=\"https:\/\/www.dotfinancelive.com\/co\">www.Dotfinancelive.com\/mx<\/a>, una de nuestras principales prioridades es la privacidad de nuestros visitantes. Este documento sobre Pol\u00edtica de Privacidad especifica los tipos de informaci\u00f3n que recolectamos y almacenamos en Dotfinancelive.com\/mx y c\u00f3mo hacemos uso de la misma.<\/p>\n<p>Si usted tiene alguna pregunta adicional o requiere m\u00e1s informaci\u00f3n acerca de nuestra Pol\u00edtica de Privacidad, no dude en contactar con nosotros a trav\u00e9s de correo electr\u00f3nico, escribi\u00e9ndonos a: info@dotfinancelive.com<\/p>\n<h2><strong>Regulaci\u00f3n de Protecci\u00f3n de Datos Generales (GDPR)<\/strong><\/h2>\n<p>Dotfinancelive.com\/mx est\u00e1 encuadrado como un Controlador de Datos respecto de su informaci\u00f3n.<\/p>\n<p>La base legal de Dotfinancelive.com\/mx para recolectar y usar la informaci\u00f3n personal descrita en esta Pol\u00edtica de Privacidad depende de la informaci\u00f3n personal que recolectemos y del contexto espec\u00edfico en que lo hagamos:<\/p>\n<ul>\n<li>mx necesita celebrar un contrato con usted.<\/li>\n<li>Usted ha dado permiso a Dotfinancelive.com\/mx para hacerlo.<\/li>\n<li>Procesar su informaci\u00f3n personal es de inter\u00e9s leg\u00edtimo de Dotfinancelive.com\/mx.<\/li>\n<li>mx necesita cumplir con la ley.<\/li>\n<\/ul>\n<p>Dotfinancelive.com\/mx retendr\u00e1 su informaci\u00f3n personal s\u00f3lo por el tiempo que sea necesario para los prop\u00f3sitos explicados en esta Pol\u00edtica de Privacidad. Retendremos y utilizaremos su informaci\u00f3n s\u00f3lo mientras sea necesario para cumplir nuestras obligaciones legales, resolver disputas, y hacer cumplir nuestras pol\u00edticas.<\/p>\n<p>Si usted es un residente de \u00c1rea Econ\u00f3mica Europea (EEA), gozar\u00e1 de ciertos derechos de protecci\u00f3n de sus datos. Si desea que le informemos qu\u00e9 informaci\u00f3n personal suya retenemos y si quiere que la eliminemos de nuestro sistema, por favor cont\u00e1ctenos. Nuestra Pol\u00edtica de Privacidad fue generada con la ayuda de GDPR Privacy Policy Generator, GDPR Privacy Policy Template y el Generador de Pol\u00edticas de Privacidad de TermsFeed.<\/p>\n<p>En ciertas circunstancias, usted tiene los siguientes derechos de protecci\u00f3n de datos:<\/p>\n<ul>\n<li>El derecho de acceder, actualizar o borrar la informaci\u00f3n que tenemos sobre usted.<\/li>\n<li>El derecho a rectificaci\u00f3n.<\/li>\n<li>El derecho a objetar.<\/li>\n<li>El derecho a restricci\u00f3n.<\/li>\n<li>El derecho a la portabilidad de los datos.<\/li>\n<li>El derecho a quitar el consentimiento.<\/li>\n<\/ul>\n<h2><strong>Archivos de Registro<\/strong><\/h2>\n<p><strong>\u00a0<\/strong>Dotfinancelive.com\/mx sigue un procedimiento est\u00e1ndar de utilizaci\u00f3n de archivos de registro. Estos archivos registran visitantes cuando acceden a sitios web. Todas las compa\u00f1\u00edas de hosting hacen esto y una parte de an\u00e1lisis de servicios de hosting. La informaci\u00f3n recolectada por los archivos de registro incluye direcciones IP, tipo de navegador, proveedor de servicio de internet, fecha y hora, p\u00e1ginas de referencia y de salida, y posiblemente el n\u00famero de clics. Estos datos no est\u00e1n de ninguna manera relacionados con informaci\u00f3n que pueda ser personalmente identificable. El prop\u00f3sito de esta informaci\u00f3n es analizar tendencias, administrar el sitio, seguir los movimientos de los usuarios en el sitio web, y recolectar informaci\u00f3n demogr\u00e1fica.<\/p>\n<h2><strong>Pol\u00edticas de Privacidad<\/strong><\/h2>\n<p>Puede consultar esta lista para encontrar la Pol\u00edtica de Privacidad de cada uno de los socios publicitarios de Dotfinancelive.com\/mx.<\/p>\n<p>Los servidores de anuncios o redes de anuncios de terceros utilizan tecnolog\u00edas como cookies, JavaScript, o Web Beacons en sus respectivos anuncios y enlaces que aparecen en Dotfinancelive.com\/mx. Estas tecnolog\u00edas son enviadas directamente a los navegadores web de los usuarios. Autom\u00e1ticamente reciben su direcci\u00f3n IP cuando esto ocurre. Estas tecnolog\u00edas se usan para medir la efectividad de las campa\u00f1as de anuncios y\/o para personalizar el contenido anunciado que usted ve en los sitios web que visita.<\/p>\n<p>N\u00f3tese que Dotfinancelive.com\/mx no tiene acceso ni control sobre estas cookies utilizadas por terceros anunciantes.<\/p>\n<h2><strong>Anal\u00edtica de Sitios Web<\/strong><\/h2>\n<p>Tambi\u00e9n podemos asociarnos con selectos terceros vendedores, como Adobe Analytics, Clicktale, Clicky, Cloudfare, Crazy Egg, Flurry Analytics, Google Analytics, Heap Analytics, Inspectlet, Kissmetrics, Mixpanel, Piwik, y otros, para permitir tecnolog\u00edas de seguimiento y servicios de remarketing en el sitio y en nuestra aplicaci\u00f3n m\u00f3vil, a trav\u00e9s del uso de cookies propias y de terceros para, entre otras cosas, analizar y hacer un seguimiento del uso que los usuarios hacen del sitio y de la aplicaci\u00f3n m\u00f3vil, determinar la popularidad de cierto contenido, y entender mejor la actividad en l\u00ednea. Al acceder a nuestro sitio y\/o a nuestra aplicaci\u00f3n m\u00f3vil, usted presta su consentimiento para la recolecci\u00f3n y uso de informaci\u00f3n por parte de estos terceros vendedores. Le sugerimos revisar sus pol\u00edticas de privacidad y contactar directamente con ellos para que respondan sus preguntas. Nosotros no transferimos informaci\u00f3n personal a estos terceros vendedores. Sin embargo, si usted no desea que ninguna informaci\u00f3n sea recolectada y usada por tecnolog\u00edas de seguimiento, puede visitar al tercero vendedor o utilizar las siguientes herramientas: Network Advertising Initiative Opt-Out Tool, \u00f3 Digital Advertising Alliance Opt-Out Tool.<\/p>\n<p>Debe saber tambi\u00e9n que al adquirir un ordenador nuevo, instalar un nuevo navegador web, actualizar un navegador existente, o borrar o alterar los archivos de cookies del navegador, se puede estar eliminando tambi\u00e9n ciertas cookies que indiquen que usted no prest\u00f3 consentimiento para alguna actividad, o ciertos plug-ins o configuraciones.<\/p>\n<h2><strong>Pol\u00edticas de Privacidad de Terceros<\/strong><\/h2>\n<p>Dotfinancelive.com\/mx puede compartir su informaci\u00f3n, incluida la informaci\u00f3n personal, con sus socios prestamistas (anunciantes) para comprobar su elegibilidad para ofertas de pr\u00e9stamos y provisi\u00f3n de nuestros servicios. La Pol\u00edtica de Privacidad de Dotfinancelive.com\/mx no aplica a otros anunciantes o sitios web. Por lo tanto, le sugerimos que consulte las respectivas pol\u00edticas de privacidad de estos terceros servidores de anuncios para obtener informaci\u00f3n m\u00e1s detallada. Las mismas pueden incluir sus pr\u00e1cticas e instrucciones sobre c\u00f3mo declinar su participaci\u00f3n en ciertas opciones.<\/p>\n<h2><strong>Informaci\u00f3n De Ni\u00f1os<\/strong><\/h2>\n<p>Otra de nuestras prioridades es a\u00f1adir protecci\u00f3n para los ni\u00f1os mientras utilizan internet. Sugerimos a padres y guardianes que observen, monitoreen, gu\u00eden y participen en la actividad online de los ni\u00f1os.<\/p>\n<p>Dotfinancelive.com\/mx no recolecta a sabiendas ninguna informaci\u00f3n personal identificable de ni\u00f1os menores de 13 a\u00f1os. Si usted piensa que su ni\u00f1o provey\u00f3 informaci\u00f3n en nuestro sitio web, le sugerimos fuertemente que nos contacte de inmediato y haremos nuestro mejor esfuerzo para remover inmediatamente dicha informaci\u00f3n de nuestros registros.<\/p>\n<h2><strong>Pol\u00edtica de Privacidad S\u00f3lo En L\u00ednea<\/strong><\/h2>\n<p>Nuestra Pol\u00edtica de Privacidad creada en GDPRPrivacyPolicy.net aplica s\u00f3lo a nuestras actividades en l\u00ednea y es v\u00e1lida para visitantes de nuestro sitio web en relaci\u00f3n a la informaci\u00f3n que compartieron o fue recolectada de ellos en Dotfinancelive.com\/mx. Esta pol\u00edtica no es aplicable a ninguna informaci\u00f3n recolectada fuera de l\u00ednea o por cualquier otro canal que no sea este sitio web. Nuestra Pol\u00edtica de Privacidad GDPR fue generada a partir del generador de pol\u00edticas GDPR Privacy Policy Generator.<\/p>\n<h2><strong>Consentimiento<\/strong><\/h2>\n<p>Al utilizar nuestro sitio web, usted est\u00e1 consintiendo con nuestra Pol\u00edtica de Privacidad y prestando conformidad con sus t\u00e9rminos.<\/p>\n<p>&nbsp;<\/p>\n","protected":false},"excerpt":{"rendered":"<p>Pol\u00edtica de Privacidad de Dotfinancelive.com\/mx En Dotfinancelive.com\/mx, accesible a trav\u00e9s de www.Dotfinancelive.com\/mx, una de nuestras principales prioridades es la privac...","protected":false},"author":2,"featured_media":0,"parent":0,"menu_order":0,"comment_status":"closed","ping_status":"closed","template":"","meta":{"inline_featured_image":false,"_glsr_average":0,"_glsr_ranking":0,"_glsr_reviews":0,"footnotes":""},"class_list":["post-503","page","type-page","status-publish","hentry"],"yoast_head":"<!-- This site is optimized with the Yoast SEO plugin v27.2 - https:\/\/yoast.com\/product\/yoast-seo-wordpress\/ -->\n<title>Politica privacidad - Dotfinancelive.com\/co<\/title>\n<meta name=\"robots\" content=\"noindex, follow, max-snippet:-1, max-image-preview:large, max-video-preview:-1\" \/>\n<meta property=\"og:locale\" content=\"es_ES\" \/>\n<meta property=\"og:type\" content=\"article\" \/>\n<meta property=\"og:title\" content=\"Politica privacidad - Dotfinancelive.com\/co\" \/>\n<meta property=\"og:description\" content=\"Pol\u00edtica de Privacidad de Dotfinancelive.com\/mx En Dotfinancelive.com\/mx, accesible a trav\u00e9s de www.Dotfinancelive.com\/mx, una de nuestras principales prioridades es la privacidad de nuestros visitantes. Este documento sobre Pol\u00edtica de Privacidad especifica los tipos de informaci\u00f3n que recolectamos y almacenamos en Dotfinancelive.com\/mx y c\u00f3mo hacemos uso de la misma. Si usted tiene alguna pregunta adicional o requiere [&hellip;]\" \/>\n<meta property=\"og:url\" content=\"https:\/\/www.dotfinancelive.com\/co\/politica-privacidad\/\" \/>\n<meta property=\"og:site_name\" content=\"Dotfinancelive.com\/co\" \/>\n<meta property=\"article:modified_time\" content=\"2020-07-16T13:34:34+00:00\" \/>\n<meta name=\"twitter:card\" content=\"summary_large_image\" \/>\n<meta name=\"twitter:label1\" content=\"Tiempo de lectura\" \/>\n\t<meta name=\"twitter:data1\" content=\"6 minutos\" \/>\n<script type=\"application\/ld+json\" class=\"yoast-schema-graph\">{\"@context\":\"https:\/\/schema.org\",\"@graph\":[{\"@type\":\"WebPage\",\"@id\":\"https:\/\/www.dotfinancelive.com\/co\/politica-privacidad\/\",\"url\":\"https:\/\/www.dotfinancelive.com\/co\/politica-privacidad\/\",\"name\":\"Politica privacidad - Dotfinancelive.com\/co\",\"isPartOf\":{\"@id\":\"https:\/\/www.dotfinancelive.com\/co\/#website\"},\"datePublished\":\"2020-05-11T18:14:46+00:00\",\"dateModified\":\"2020-07-16T13:34:34+00:00\",\"breadcrumb\":{\"@id\":\"https:\/\/www.dotfinancelive.com\/co\/politica-privacidad\/#breadcrumb\"},\"inLanguage\":\"es-CO\",\"potentialAction\":[{\"@type\":\"ReadAction\",\"target\":[\"https:\/\/www.dotfinancelive.com\/co\/politica-privacidad\/\"]}]},{\"@type\":\"BreadcrumbList\",\"@id\":\"https:\/\/www.dotfinancelive.com\/co\/politica-privacidad\/#breadcrumb\",\"itemListElement\":[{\"@type\":\"ListItem\",\"position\":1,\"name\":\"Inicio\",\"item\":\"https:\/\/www.dotfinancelive.com\/co\/\"},{\"@type\":\"ListItem\",\"position\":2,\"name\":\"Politica privacidad\"}]},{\"@type\":\"WebSite\",\"@id\":\"https:\/\/www.dotfinancelive.com\/co\/#website\",\"url\":\"https:\/\/www.dotfinancelive.com\/co\/\",\"name\":\"Dotfinancelive.com\/co\",\"description\":\"Pida prestado de forma m\u00e1s inteligente, ahorre m\u00e1s\",\"publisher\":{\"@id\":\"https:\/\/www.dotfinancelive.com\/co\/#organization\"},\"potentialAction\":[{\"@type\":\"SearchAction\",\"target\":{\"@type\":\"EntryPoint\",\"urlTemplate\":\"https:\/\/www.dotfinancelive.com\/co\/?s={search_term_string}\"},\"query-input\":{\"@type\":\"PropertyValueSpecification\",\"valueRequired\":true,\"valueName\":\"search_term_string\"}}],\"inLanguage\":\"es-CO\"},{\"@type\":\"Organization\",\"@id\":\"https:\/\/www.dotfinancelive.com\/co\/#organization\",\"name\":\"Dotfinancelive.com\/co\",\"url\":\"https:\/\/www.dotfinancelive.com\/co\/\",\"logo\":{\"@type\":\"ImageObject\",\"inLanguage\":\"es-CO\",\"@id\":\"https:\/\/www.dotfinancelive.com\/co\/#\/schema\/logo\/image\/\",\"url\":\"https:\/\/www.dotfinancelive.com\/co\/wp-content\/uploads\/2020\/06\/DotFinanceLive-logo.png\",\"contentUrl\":\"https:\/\/www.dotfinancelive.com\/co\/wp-content\/uploads\/2020\/06\/DotFinanceLive-logo.png\",\"width\":400,\"height\":173,\"caption\":\"Dotfinancelive.com\/co\"},\"image\":{\"@id\":\"https:\/\/www.dotfinancelive.com\/co\/#\/schema\/logo\/image\/\"}}]}<\/script>\n<!-- \/ Yoast SEO plugin. -->","yoast_head_json":{"title":"Politica privacidad - Dotfinancelive.com\/co","robots":{"index":"noindex","follow":"follow","max-snippet":"max-snippet:-1","max-image-preview":"max-image-preview:large","max-video-preview":"max-video-preview:-1"},"og_locale":"es_ES","og_type":"article","og_title":"Politica privacidad - Dotfinancelive.com\/co","og_description":"Pol\u00edtica de Privacidad de Dotfinancelive.com\/mx En Dotfinancelive.com\/mx, accesible a trav\u00e9s de www.Dotfinancelive.com\/mx, una de nuestras principales prioridades es la privacidad de nuestros visitantes. Este documento sobre Pol\u00edtica de Privacidad especifica los tipos de informaci\u00f3n que recolectamos y almacenamos en Dotfinancelive.com\/mx y c\u00f3mo hacemos uso de la misma. Si usted tiene alguna pregunta adicional o requiere [&hellip;]","og_url":"https:\/\/www.dotfinancelive.com\/co\/politica-privacidad\/","og_site_name":"Dotfinancelive.com\/co","article_modified_time":"2020-07-16T13:34:34+00:00","twitter_card":"summary_large_image","twitter_misc":{"Tiempo de lectura":"6 minutos"},"schema":{"@context":"https:\/\/schema.org","@graph":[{"@type":"WebPage","@id":"https:\/\/www.dotfinancelive.com\/co\/politica-privacidad\/","url":"https:\/\/www.dotfinancelive.com\/co\/politica-privacidad\/","name":"Politica privacidad - Dotfinancelive.com\/co","isPartOf":{"@id":"https:\/\/www.dotfinancelive.com\/co\/#website"},"datePublished":"2020-05-11T18:14:46+00:00","dateModified":"2020-07-16T13:34:34+00:00","breadcrumb":{"@id":"https:\/\/www.dotfinancelive.com\/co\/politica-privacidad\/#breadcrumb"},"inLanguage":"es-CO","potentialAction":[{"@type":"ReadAction","target":["https:\/\/www.dotfinancelive.com\/co\/politica-privacidad\/"]}]},{"@type":"BreadcrumbList","@id":"https:\/\/www.dotfinancelive.com\/co\/politica-privacidad\/#breadcrumb","itemListElement":[{"@type":"ListItem","position":1,"name":"Inicio","item":"https:\/\/www.dotfinancelive.com\/co\/"},{"@type":"ListItem","position":2,"name":"Politica privacidad"}]},{"@type":"WebSite","@id":"https:\/\/www.dotfinancelive.com\/co\/#website","url":"https:\/\/www.dotfinancelive.com\/co\/","name":"Dotfinancelive.com\/co","description":"Pida prestado de forma m\u00e1s inteligente, ahorre m\u00e1s","publisher":{"@id":"https:\/\/www.dotfinancelive.com\/co\/#organization"},"potentialAction":[{"@type":"SearchAction","target":{"@type":"EntryPoint","urlTemplate":"https:\/\/www.dotfinancelive.com\/co\/?s={search_term_string}"},"query-input":{"@type":"PropertyValueSpecification","valueRequired":true,"valueName":"search_term_string"}}],"inLanguage":"es-CO"},{"@type":"Organization","@id":"https:\/\/www.dotfinancelive.com\/co\/#organization","name":"Dotfinancelive.com\/co","url":"https:\/\/www.dotfinancelive.com\/co\/","logo":{"@type":"ImageObject","inLanguage":"es-CO","@id":"https:\/\/www.dotfinancelive.com\/co\/#\/schema\/logo\/image\/","url":"https:\/\/www.dotfinancelive.com\/co\/wp-content\/uploads\/2020\/06\/DotFinanceLive-logo.png","contentUrl":"https:\/\/www.dotfinancelive.com\/co\/wp-content\/uploads\/2020\/06\/DotFinanceLive-logo.png","width":400,"height":173,"caption":"Dotfinancelive.com\/co"},"image":{"@id":"https:\/\/www.dotfinancelive.com\/co\/#\/schema\/logo\/image\/"}}]}},"_links":{"self":[{"href":"https:\/\/www.dotfinancelive.com\/co\/wp-json\/wp\/v2\/pages\/503","targetHints":{"allow":["GET"]}}],"collection":[{"href":"https:\/\/www.dotfinancelive.com\/co\/wp-json\/wp\/v2\/pages"}],"about":[{"href":"https:\/\/www.dotfinancelive.com\/co\/wp-json\/wp\/v2\/types\/page"}],"author":[{"embeddable":true,"href":"https:\/\/www.dotfinancelive.com\/co\/wp-json\/wp\/v2\/users\/2"}],"replies":[{"embeddable":true,"href":"https:\/\/www.dotfinancelive.com\/co\/wp-json\/wp\/v2\/comments?post=503"}],"version-history":[{"count":11,"href":"https:\/\/www.dotfinancelive.com\/co\/wp-json\/wp\/v2\/pages\/503\/revisions"}],"predecessor-version":[{"id":703,"href":"https:\/\/www.dotfinancelive.com\/co\/wp-json\/wp\/v2\/pages\/503\/revisions\/703"}],"wp:attachment":[{"href":"https:\/\/www.dotfinancelive.com\/co\/wp-json\/wp\/v2\/media?parent=503"}],"curies":[{"name":"wp","href":"https:\/\/api.w.org\/{rel}","templated":true}]}}