{"id":120,"date":"2020-03-21T13:12:55","date_gmt":"2020-03-21T13:12:55","guid":{"rendered":"https:\/\/www.dotfinancelive.com\/vn\/?page_id=120"},"modified":"2020-09-05T05:57:55","modified_gmt":"2020-09-05T05:57:55","slug":"how-it-works","status":"publish","type":"page","link":"https:\/\/www.dotfinancelive.com\/vn\/how-it-works\/","title":{"rendered":"How It Works?"},"content":{"rendered":"<p>Se trata de conveniencia. Una persona debe ingresar al sitio web y encontrar una interfaz f\u00e1cil de usar. Si es as\u00ed, la adquisici\u00f3n del dinero no lo har\u00e1 esperar. Aqu\u00ed hay una instrucci\u00f3n sobre el procedimiento de solicitud. Siga los pasos y obtenga el dinero en unos minutos.<\/p>\n<ol>\n<li>Seleccione la cantidad necesaria y la fecha de vencimiento. Aseg\u00farese de que el per\u00edodo de reembolso sea posible de cumplir. De lo contrario, una persona enfrentar\u00e1 sanciones en caso de no pagar a tiempo. En la p\u00e1gina principal, hay una herramienta de c\u00e1lculo que facilita el proceso de obtener la mejor cantidad. Ajuste el control deslizante y presione \u201cSolicitar un pr\u00e9stamo\u201d.<\/li>\n<li>Complete el breve formulario de solicitud. Hay algunos espacios en blanco a la derecha. Indique el nombre, apellido, n\u00famero de tel\u00e9fono m\u00f3vil y direcci\u00f3n de correo electr\u00f3nico. Vuelva a verificar si toda la informaci\u00f3n personal es correcta; de lo contrario, Dot Finance Live no tendr\u00e1 la oportunidad de contactar a un solicitante. De ninguna manera, use los datos personales de los amigos o familiares, tambi\u00e9n se refiere al n\u00famero de tel\u00e9fono m\u00f3vil o la direcci\u00f3n de correo electr\u00f3nico.<\/li>\n<li>Elija al acreedor de la lista ofrecida. Despu\u00e9s de eso, una persona ser\u00e1 redirigida al sitio web del prestamista, donde deber\u00e1 confirmar la exactitud de toda la informaci\u00f3n personal indicada. A veces, es necesario adjuntar documentaci\u00f3n adicional, como un recibo de sueldo bancario, comprobante de ingresos.<\/li>\n<li>Espere la aprobaci\u00f3n de la solicitud. Por lo general, demora hasta 1 d\u00eda, pero dependiendo nuevamente del prestamista puede extenderse a 48 horas. Adem\u00e1s, un solicitante puede recibir una llamada de la compa\u00f1\u00eda si hay dudas o problemas relacionados con la confirmaci\u00f3n del proceso.<\/li>\n<li>Obtenga la aprobaci\u00f3n de la aplicaci\u00f3n. En la direcci\u00f3n de correo electr\u00f3nico viene un acuerdo y la aprobaci\u00f3n del pr\u00e9stamo solicitado.<\/li>\n<li>Obtenga dinero. Reciba un mensaje una vez que el dinero se transfiera a la cuenta bancaria.<\/li>\n<\/ol>\n<p>\u00bfBuscas toda la informaci\u00f3n sobre Dot Finance Live y lo relacionado con cr\u00e9ditos express? Revisa a continuaci\u00f3n las preguntas m\u00e1s frecuentes y, si le queda alguna que no cubrimos, p\u00f3ngase en contacto con nosotros.<\/p>\n","protected":false},"excerpt":{"rendered":"<p>Se trata de conveniencia. Una persona debe ingresar al sitio web y encontrar una interfaz f\u00e1cil de usar. Si es as\u00ed, la adquisici\u00f3n del dinero no lo har\u00e1 esperar. Aqu\u00ed hay u...","protected":false},"author":2,"featured_media":0,"parent":0,"menu_order":0,"comment_status":"closed","ping_status":"closed","template":"","meta":{"inline_featured_image":false,"_glsr_average":0,"_glsr_ranking":0,"_glsr_reviews":0,"footnotes":""},"class_list":["post-120","page","type-page","status-publish","hentry"],"yoast_head":"<!-- This site is optimized with the Yoast SEO plugin v27.2 - https:\/\/yoast.com\/product\/yoast-seo-wordpress\/ -->\n<title>How It Works? - Dotfinancelive.com\/vn<\/title>\n<meta name=\"robots\" content=\"noindex, follow, max-snippet:-1, max-image-preview:large, max-video-preview:-1\" \/>\n<meta property=\"og:locale\" content=\"vi_VN\" \/>\n<meta property=\"og:type\" content=\"article\" \/>\n<meta property=\"og:title\" content=\"How It Works? - Dotfinancelive.com\/vn\" \/>\n<meta property=\"og:description\" content=\"Se trata de conveniencia. Una persona debe ingresar al sitio web y encontrar una interfaz f\u00e1cil de usar. Si es as\u00ed, la adquisici\u00f3n del dinero no lo har\u00e1 esperar. Aqu\u00ed hay una instrucci\u00f3n sobre el procedimiento de solicitud. Siga los pasos y obtenga el dinero en unos minutos. Seleccione la cantidad necesaria y la fecha [&hellip;]\" \/>\n<meta property=\"og:url\" content=\"https:\/\/www.dotfinancelive.com\/vn\/how-it-works\/\" \/>\n<meta property=\"og:site_name\" content=\"Dotfinancelive.com\/vn\" \/>\n<meta property=\"article:modified_time\" content=\"2020-09-05T05:57:55+00:00\" \/>\n<meta name=\"twitter:card\" content=\"summary_large_image\" \/>\n<meta name=\"twitter:label1\" content=\"\u01af\u1edbc t\u00ednh th\u1eddi gian \u0111\u1ecdc\" \/>\n\t<meta name=\"twitter:data1\" content=\"2 ph\u00fat\" \/>\n<script type=\"application\/ld+json\" class=\"yoast-schema-graph\">{\"@context\":\"https:\/\/schema.org\",\"@graph\":[{\"@type\":\"WebPage\",\"@id\":\"https:\/\/www.dotfinancelive.com\/vn\/how-it-works\/\",\"url\":\"https:\/\/www.dotfinancelive.com\/vn\/how-it-works\/\",\"name\":\"How It Works? - Dotfinancelive.com\/vn\",\"isPartOf\":{\"@id\":\"https:\/\/www.dotfinancelive.com\/vn\/#website\"},\"datePublished\":\"2020-03-21T13:12:55+00:00\",\"dateModified\":\"2020-09-05T05:57:55+00:00\",\"breadcrumb\":{\"@id\":\"https:\/\/www.dotfinancelive.com\/vn\/how-it-works\/#breadcrumb\"},\"inLanguage\":\"vi\",\"potentialAction\":[{\"@type\":\"ReadAction\",\"target\":[\"https:\/\/www.dotfinancelive.com\/vn\/how-it-works\/\"]}]},{\"@type\":\"BreadcrumbList\",\"@id\":\"https:\/\/www.dotfinancelive.com\/vn\/how-it-works\/#breadcrumb\",\"itemListElement\":[{\"@type\":\"ListItem\",\"position\":1,\"name\":\"Start\",\"item\":\"https:\/\/www.dotfinancelive.com\/vn\/\"},{\"@type\":\"ListItem\",\"position\":2,\"name\":\"How It Works?\"}]},{\"@type\":\"WebSite\",\"@id\":\"https:\/\/www.dotfinancelive.com\/vn\/#website\",\"url\":\"https:\/\/www.dotfinancelive.com\/vn\/\",\"name\":\"Dotfinancelive.com\/vn\",\"description\":\"Borrow smarter and save more\",\"publisher\":{\"@id\":\"https:\/\/www.dotfinancelive.com\/vn\/#organization\"},\"potentialAction\":[{\"@type\":\"SearchAction\",\"target\":{\"@type\":\"EntryPoint\",\"urlTemplate\":\"https:\/\/www.dotfinancelive.com\/vn\/?s={search_term_string}\"},\"query-input\":{\"@type\":\"PropertyValueSpecification\",\"valueRequired\":true,\"valueName\":\"search_term_string\"}}],\"inLanguage\":\"vi\"},{\"@type\":\"Organization\",\"@id\":\"https:\/\/www.dotfinancelive.com\/vn\/#organization\",\"name\":\"Dotfinancelive.com\/vn\",\"url\":\"https:\/\/www.dotfinancelive.com\/vn\/\",\"logo\":{\"@type\":\"ImageObject\",\"inLanguage\":\"vi\",\"@id\":\"https:\/\/www.dotfinancelive.com\/vn\/#\/schema\/logo\/image\/\",\"url\":\"https:\/\/www.dotfinancelive.com\/vn\/wp-content\/uploads\/2020\/06\/DotFinanceLive-logo.png\",\"contentUrl\":\"https:\/\/www.dotfinancelive.com\/vn\/wp-content\/uploads\/2020\/06\/DotFinanceLive-logo.png\",\"width\":400,\"height\":173,\"caption\":\"Dotfinancelive.com\/vn\"},\"image\":{\"@id\":\"https:\/\/www.dotfinancelive.com\/vn\/#\/schema\/logo\/image\/\"}}]}<\/script>\n<!-- \/ Yoast SEO plugin. -->","yoast_head_json":{"title":"How It Works? - Dotfinancelive.com\/vn","robots":{"index":"noindex","follow":"follow","max-snippet":"max-snippet:-1","max-image-preview":"max-image-preview:large","max-video-preview":"max-video-preview:-1"},"og_locale":"vi_VN","og_type":"article","og_title":"How It Works? - Dotfinancelive.com\/vn","og_description":"Se trata de conveniencia. Una persona debe ingresar al sitio web y encontrar una interfaz f\u00e1cil de usar. Si es as\u00ed, la adquisici\u00f3n del dinero no lo har\u00e1 esperar. Aqu\u00ed hay una instrucci\u00f3n sobre el procedimiento de solicitud. Siga los pasos y obtenga el dinero en unos minutos. Seleccione la cantidad necesaria y la fecha [&hellip;]","og_url":"https:\/\/www.dotfinancelive.com\/vn\/how-it-works\/","og_site_name":"Dotfinancelive.com\/vn","article_modified_time":"2020-09-05T05:57:55+00:00","twitter_card":"summary_large_image","twitter_misc":{"\u01af\u1edbc t\u00ednh th\u1eddi gian \u0111\u1ecdc":"2 ph\u00fat"},"schema":{"@context":"https:\/\/schema.org","@graph":[{"@type":"WebPage","@id":"https:\/\/www.dotfinancelive.com\/vn\/how-it-works\/","url":"https:\/\/www.dotfinancelive.com\/vn\/how-it-works\/","name":"How It Works? - Dotfinancelive.com\/vn","isPartOf":{"@id":"https:\/\/www.dotfinancelive.com\/vn\/#website"},"datePublished":"2020-03-21T13:12:55+00:00","dateModified":"2020-09-05T05:57:55+00:00","breadcrumb":{"@id":"https:\/\/www.dotfinancelive.com\/vn\/how-it-works\/#breadcrumb"},"inLanguage":"vi","potentialAction":[{"@type":"ReadAction","target":["https:\/\/www.dotfinancelive.com\/vn\/how-it-works\/"]}]},{"@type":"BreadcrumbList","@id":"https:\/\/www.dotfinancelive.com\/vn\/how-it-works\/#breadcrumb","itemListElement":[{"@type":"ListItem","position":1,"name":"Start","item":"https:\/\/www.dotfinancelive.com\/vn\/"},{"@type":"ListItem","position":2,"name":"How It Works?"}]},{"@type":"WebSite","@id":"https:\/\/www.dotfinancelive.com\/vn\/#website","url":"https:\/\/www.dotfinancelive.com\/vn\/","name":"Dotfinancelive.com\/vn","description":"Borrow smarter and save more","publisher":{"@id":"https:\/\/www.dotfinancelive.com\/vn\/#organization"},"potentialAction":[{"@type":"SearchAction","target":{"@type":"EntryPoint","urlTemplate":"https:\/\/www.dotfinancelive.com\/vn\/?s={search_term_string}"},"query-input":{"@type":"PropertyValueSpecification","valueRequired":true,"valueName":"search_term_string"}}],"inLanguage":"vi"},{"@type":"Organization","@id":"https:\/\/www.dotfinancelive.com\/vn\/#organization","name":"Dotfinancelive.com\/vn","url":"https:\/\/www.dotfinancelive.com\/vn\/","logo":{"@type":"ImageObject","inLanguage":"vi","@id":"https:\/\/www.dotfinancelive.com\/vn\/#\/schema\/logo\/image\/","url":"https:\/\/www.dotfinancelive.com\/vn\/wp-content\/uploads\/2020\/06\/DotFinanceLive-logo.png","contentUrl":"https:\/\/www.dotfinancelive.com\/vn\/wp-content\/uploads\/2020\/06\/DotFinanceLive-logo.png","width":400,"height":173,"caption":"Dotfinancelive.com\/vn"},"image":{"@id":"https:\/\/www.dotfinancelive.com\/vn\/#\/schema\/logo\/image\/"}}]}},"_links":{"self":[{"href":"https:\/\/www.dotfinancelive.com\/vn\/wp-json\/wp\/v2\/pages\/120","targetHints":{"allow":["GET"]}}],"collection":[{"href":"https:\/\/www.dotfinancelive.com\/vn\/wp-json\/wp\/v2\/pages"}],"about":[{"href":"https:\/\/www.dotfinancelive.com\/vn\/wp-json\/wp\/v2\/types\/page"}],"author":[{"embeddable":true,"href":"https:\/\/www.dotfinancelive.com\/vn\/wp-json\/wp\/v2\/users\/2"}],"replies":[{"embeddable":true,"href":"https:\/\/www.dotfinancelive.com\/vn\/wp-json\/wp\/v2\/comments?post=120"}],"version-history":[{"count":4,"href":"https:\/\/www.dotfinancelive.com\/vn\/wp-json\/wp\/v2\/pages\/120\/revisions"}],"predecessor-version":[{"id":823,"href":"https:\/\/www.dotfinancelive.com\/vn\/wp-json\/wp\/v2\/pages\/120\/revisions\/823"}],"wp:attachment":[{"href":"https:\/\/www.dotfinancelive.com\/vn\/wp-json\/wp\/v2\/media?parent=120"}],"curies":[{"name":"wp","href":"https:\/\/api.w.org\/{rel}","templated":true}]}}